{"id":2527,"date":"2019-09-02T16:49:12","date_gmt":"2019-09-02T14:49:12","guid":{"rendered":"https:\/\/www.emilcotoni.it\/?post_type=product&#038;p=2527"},"modified":"2022-05-02T16:59:28","modified_gmt":"2022-05-02T14:59:28","slug":"cash-boucle-5","status":"publish","type":"product","link":"https:\/\/www.emilcotoni.it\/en\/product\/cash-boucle-5\/","title":{"rendered":"Cash Boucl\u00e8 5"},"content":{"rendered":"","protected":false},"excerpt":{"rendered":"<p>The single yarn of our Cashcotton ribbon has been used to craft this flat 5 boucl\u00e9. Cotton and cashmere fibers look fancy like a typical boucl\u00e9. The final effect is extremely elegant and refined. The Extra-Long Staple cotton and cashmere have become warm and soft, perfect for winter.<\/p>\n","protected":false},"featured_media":15429,"template":"","meta":{"_acf_changed":false,"inline_featured_image":false},"product_brand":[],"product_cat":[1221,1218,1083],"product_tag":[],"class_list":{"0":"post-2527","1":"product","2":"type-product","3":"status-publish","4":"has-post-thumbnail","6":"product_cat-cashcotton-15-cc-2022-en","7":"product_cat-qrcode-color-cards","8":"product_cat-winter-collection-2026-2027-en","9":"pa_composition-66-cotton-12-cashmere-22-polyamide","10":"pa_gauge-5-en","11":"pa_gauge-7-en","12":"pa_global-composition-cotton-cashmere","13":"pa_global-composition-cotton-polyamide","14":"pa_nm-nm-5-200-en-2","16":"first","17":"instock","18":"shipping-taxable","19":"product-type-simple"},"acf":[],"yoast_head":"<!-- This site is optimized with the Yoast SEO plugin v26.0 - https:\/\/yoast.com\/wordpress\/plugins\/seo\/ -->\n<title>Cash Boucl\u00e8 5 | Emilcotoni<\/title>\n<meta name=\"robots\" content=\"index, follow, max-snippet:-1, max-image-preview:large, max-video-preview:-1\" \/>\n<link rel=\"canonical\" href=\"https:\/\/www.emilcotoni.it\/en\/product\/cash-boucle-5\/\" \/>\n<meta property=\"og:locale\" content=\"en_US\" \/>\n<meta property=\"og:type\" content=\"article\" \/>\n<meta property=\"og:title\" content=\"Cash Boucl\u00e8 5 | Emilcotoni\" \/>\n<meta property=\"og:description\" content=\"The single yarn of our Cashcotton ribbon has been used to craft this flat 5 boucl\u00e9. Cotton and cashmere fibers look fancy like a typical boucl\u00e9. The final effect is extremely elegant and refined. The Extra-Long Staple cotton and cashmere have become warm and soft, perfect for winter.\" \/>\n<meta property=\"og:url\" content=\"https:\/\/www.emilcotoni.it\/en\/product\/cash-boucle-5\/\" \/>\n<meta property=\"og:site_name\" content=\"Emilcotoni\" \/>\n<meta property=\"article:publisher\" content=\"https:\/\/www.facebook.com\/emilcotoni\/\" \/>\n<meta property=\"article:modified_time\" content=\"2022-05-02T14:59:28+00:00\" \/>\n<meta property=\"og:image\" content=\"https:\/\/www.emilcotoni.it\/wp-content\/uploads\/2019\/09\/Cash-Boucle-5-Nm.-5.200.jpg\" \/>\n\t<meta property=\"og:image:width\" content=\"1200\" \/>\n\t<meta property=\"og:image:height\" content=\"1200\" \/>\n\t<meta property=\"og:image:type\" content=\"image\/jpeg\" \/>\n<meta name=\"twitter:card\" content=\"summary_large_image\" \/>\n<script type=\"application\/ld+json\" class=\"yoast-schema-graph\">{\"@context\":\"https:\/\/schema.org\",\"@graph\":[{\"@type\":\"WebPage\",\"@id\":\"https:\/\/www.emilcotoni.it\/en\/product\/cash-boucle-5\/\",\"url\":\"https:\/\/www.emilcotoni.it\/en\/product\/cash-boucle-5\/\",\"name\":\"Cash Boucl\u00e8 5 | Emilcotoni\",\"isPartOf\":{\"@id\":\"https:\/\/www.emilcotoni.it\/#website\"},\"primaryImageOfPage\":{\"@id\":\"https:\/\/www.emilcotoni.it\/en\/product\/cash-boucle-5\/#primaryimage\"},\"image\":{\"@id\":\"https:\/\/www.emilcotoni.it\/en\/product\/cash-boucle-5\/#primaryimage\"},\"thumbnailUrl\":\"https:\/\/www.emilcotoni.it\/wp-content\/uploads\/2019\/09\/Cash-Boucle-5-Nm.-5.200.jpg\",\"datePublished\":\"2019-09-02T14:49:12+00:00\",\"dateModified\":\"2022-05-02T14:59:28+00:00\",\"breadcrumb\":{\"@id\":\"https:\/\/www.emilcotoni.it\/en\/product\/cash-boucle-5\/#breadcrumb\"},\"inLanguage\":\"en-US\",\"potentialAction\":[{\"@type\":\"ReadAction\",\"target\":[\"https:\/\/www.emilcotoni.it\/en\/product\/cash-boucle-5\/\"]}]},{\"@type\":\"ImageObject\",\"inLanguage\":\"en-US\",\"@id\":\"https:\/\/www.emilcotoni.it\/en\/product\/cash-boucle-5\/#primaryimage\",\"url\":\"https:\/\/www.emilcotoni.it\/wp-content\/uploads\/2019\/09\/Cash-Boucle-5-Nm.-5.200.jpg\",\"contentUrl\":\"https:\/\/www.emilcotoni.it\/wp-content\/uploads\/2019\/09\/Cash-Boucle-5-Nm.-5.200.jpg\",\"width\":1200,\"height\":1200},{\"@type\":\"BreadcrumbList\",\"@id\":\"https:\/\/www.emilcotoni.it\/en\/product\/cash-boucle-5\/#breadcrumb\",\"itemListElement\":[{\"@type\":\"ListItem\",\"position\":1,\"name\":\"Home\",\"item\":\"https:\/\/www.emilcotoni.it\/en\/\"},{\"@type\":\"ListItem\",\"position\":2,\"name\":\"Catalog\",\"item\":\"https:\/\/www.emilcotoni.it\/en\/catalog\/\"},{\"@type\":\"ListItem\",\"position\":3,\"name\":\"Cash Boucl\u00e8 5\"}]},{\"@type\":\"WebSite\",\"@id\":\"https:\/\/www.emilcotoni.it\/#website\",\"url\":\"https:\/\/www.emilcotoni.it\/\",\"name\":\"Emilcotoni\",\"description\":\"Research, Innovation and Ethics.\",\"publisher\":{\"@id\":\"https:\/\/www.emilcotoni.it\/#organization\"},\"potentialAction\":[{\"@type\":\"SearchAction\",\"target\":{\"@type\":\"EntryPoint\",\"urlTemplate\":\"https:\/\/www.emilcotoni.it\/?s={search_term_string}\"},\"query-input\":{\"@type\":\"PropertyValueSpecification\",\"valueRequired\":true,\"valueName\":\"search_term_string\"}}],\"inLanguage\":\"en-US\"},{\"@type\":\"Organization\",\"@id\":\"https:\/\/www.emilcotoni.it\/#organization\",\"name\":\"Emilcotoni Spa\",\"url\":\"https:\/\/www.emilcotoni.it\/\",\"logo\":{\"@type\":\"ImageObject\",\"inLanguage\":\"en-US\",\"@id\":\"https:\/\/www.emilcotoni.it\/#\/schema\/logo\/image\/\",\"url\":\"https:\/\/www.emilcotoni.it\/wp-content\/uploads\/2018\/09\/emilcotoni_logo.png\",\"contentUrl\":\"https:\/\/www.emilcotoni.it\/wp-content\/uploads\/2018\/09\/emilcotoni_logo.png\",\"width\":502,\"height\":100,\"caption\":\"Emilcotoni Spa\"},\"image\":{\"@id\":\"https:\/\/www.emilcotoni.it\/#\/schema\/logo\/image\/\"},\"sameAs\":[\"https:\/\/www.facebook.com\/emilcotoni\/\",\"https:\/\/www.linkedin.com\/company\/emilcotonispa\/\"]}]}<\/script>\n<!-- \/ Yoast SEO plugin. -->","yoast_head_json":{"title":"Cash Boucl\u00e8 5 | Emilcotoni","robots":{"index":"index","follow":"follow","max-snippet":"max-snippet:-1","max-image-preview":"max-image-preview:large","max-video-preview":"max-video-preview:-1"},"canonical":"https:\/\/www.emilcotoni.it\/en\/product\/cash-boucle-5\/","og_locale":"en_US","og_type":"article","og_title":"Cash Boucl\u00e8 5 | Emilcotoni","og_description":"The single yarn of our Cashcotton ribbon has been used to craft this flat 5 boucl\u00e9. Cotton and cashmere fibers look fancy like a typical boucl\u00e9. The final effect is extremely elegant and refined. The Extra-Long Staple cotton and cashmere have become warm and soft, perfect for winter.","og_url":"https:\/\/www.emilcotoni.it\/en\/product\/cash-boucle-5\/","og_site_name":"Emilcotoni","article_publisher":"https:\/\/www.facebook.com\/emilcotoni\/","article_modified_time":"2022-05-02T14:59:28+00:00","og_image":[{"width":1200,"height":1200,"url":"https:\/\/www.emilcotoni.it\/wp-content\/uploads\/2019\/09\/Cash-Boucle-5-Nm.-5.200.jpg","type":"image\/jpeg"}],"twitter_card":"summary_large_image","schema":{"@context":"https:\/\/schema.org","@graph":[{"@type":"WebPage","@id":"https:\/\/www.emilcotoni.it\/en\/product\/cash-boucle-5\/","url":"https:\/\/www.emilcotoni.it\/en\/product\/cash-boucle-5\/","name":"Cash Boucl\u00e8 5 | Emilcotoni","isPartOf":{"@id":"https:\/\/www.emilcotoni.it\/#website"},"primaryImageOfPage":{"@id":"https:\/\/www.emilcotoni.it\/en\/product\/cash-boucle-5\/#primaryimage"},"image":{"@id":"https:\/\/www.emilcotoni.it\/en\/product\/cash-boucle-5\/#primaryimage"},"thumbnailUrl":"https:\/\/www.emilcotoni.it\/wp-content\/uploads\/2019\/09\/Cash-Boucle-5-Nm.-5.200.jpg","datePublished":"2019-09-02T14:49:12+00:00","dateModified":"2022-05-02T14:59:28+00:00","breadcrumb":{"@id":"https:\/\/www.emilcotoni.it\/en\/product\/cash-boucle-5\/#breadcrumb"},"inLanguage":"en-US","potentialAction":[{"@type":"ReadAction","target":["https:\/\/www.emilcotoni.it\/en\/product\/cash-boucle-5\/"]}]},{"@type":"ImageObject","inLanguage":"en-US","@id":"https:\/\/www.emilcotoni.it\/en\/product\/cash-boucle-5\/#primaryimage","url":"https:\/\/www.emilcotoni.it\/wp-content\/uploads\/2019\/09\/Cash-Boucle-5-Nm.-5.200.jpg","contentUrl":"https:\/\/www.emilcotoni.it\/wp-content\/uploads\/2019\/09\/Cash-Boucle-5-Nm.-5.200.jpg","width":1200,"height":1200},{"@type":"BreadcrumbList","@id":"https:\/\/www.emilcotoni.it\/en\/product\/cash-boucle-5\/#breadcrumb","itemListElement":[{"@type":"ListItem","position":1,"name":"Home","item":"https:\/\/www.emilcotoni.it\/en\/"},{"@type":"ListItem","position":2,"name":"Catalog","item":"https:\/\/www.emilcotoni.it\/en\/catalog\/"},{"@type":"ListItem","position":3,"name":"Cash Boucl\u00e8 5"}]},{"@type":"WebSite","@id":"https:\/\/www.emilcotoni.it\/#website","url":"https:\/\/www.emilcotoni.it\/","name":"Emilcotoni","description":"Research, Innovation and Ethics.","publisher":{"@id":"https:\/\/www.emilcotoni.it\/#organization"},"potentialAction":[{"@type":"SearchAction","target":{"@type":"EntryPoint","urlTemplate":"https:\/\/www.emilcotoni.it\/?s={search_term_string}"},"query-input":{"@type":"PropertyValueSpecification","valueRequired":true,"valueName":"search_term_string"}}],"inLanguage":"en-US"},{"@type":"Organization","@id":"https:\/\/www.emilcotoni.it\/#organization","name":"Emilcotoni Spa","url":"https:\/\/www.emilcotoni.it\/","logo":{"@type":"ImageObject","inLanguage":"en-US","@id":"https:\/\/www.emilcotoni.it\/#\/schema\/logo\/image\/","url":"https:\/\/www.emilcotoni.it\/wp-content\/uploads\/2018\/09\/emilcotoni_logo.png","contentUrl":"https:\/\/www.emilcotoni.it\/wp-content\/uploads\/2018\/09\/emilcotoni_logo.png","width":502,"height":100,"caption":"Emilcotoni Spa"},"image":{"@id":"https:\/\/www.emilcotoni.it\/#\/schema\/logo\/image\/"},"sameAs":["https:\/\/www.facebook.com\/emilcotoni\/","https:\/\/www.linkedin.com\/company\/emilcotonispa\/"]}]}},"_links":{"self":[{"href":"https:\/\/www.emilcotoni.it\/en\/wp-json\/wp\/v2\/product\/2527","targetHints":{"allow":["GET"]}}],"collection":[{"href":"https:\/\/www.emilcotoni.it\/en\/wp-json\/wp\/v2\/product"}],"about":[{"href":"https:\/\/www.emilcotoni.it\/en\/wp-json\/wp\/v2\/types\/product"}],"wp:featuredmedia":[{"embeddable":true,"href":"https:\/\/www.emilcotoni.it\/en\/wp-json\/wp\/v2\/media\/15429"}],"wp:attachment":[{"href":"https:\/\/www.emilcotoni.it\/en\/wp-json\/wp\/v2\/media?parent=2527"}],"wp:term":[{"taxonomy":"product_brand","embeddable":true,"href":"https:\/\/www.emilcotoni.it\/en\/wp-json\/wp\/v2\/product_brand?post=2527"},{"taxonomy":"product_cat","embeddable":true,"href":"https:\/\/www.emilcotoni.it\/en\/wp-json\/wp\/v2\/product_cat?post=2527"},{"taxonomy":"product_tag","embeddable":true,"href":"https:\/\/www.emilcotoni.it\/en\/wp-json\/wp\/v2\/product_tag?post=2527"}],"curies":[{"name":"wp","href":"https:\/\/api.w.org\/{rel}","templated":true}]}}